{"id":203,"date":"2024-12-25T20:36:28","date_gmt":"2024-12-25T20:36:28","guid":{"rendered":"https:\/\/technikoo.com\/?page_id=203"},"modified":"2024-12-26T02:22:47","modified_gmt":"2024-12-26T02:22:47","slug":"infogerance","status":"publish","type":"page","link":"https:\/\/technikoo.com\/index.php\/infogerance\/","title":{"rendered":"Infog\u00e9rance &amp; Externalisation"},"content":{"rendered":"\n<p>De nombreuses entreprises de taille moyenne cherchent des moyens d&rsquo;\u00e9conomiser de l&rsquo;argent, mais ont toujours besoin d&rsquo;une infrastructure informatique solide. Le service d&rsquo;externalisation informatique complet de TECHNIKOO r\u00e9duit les co\u00fbts tout en apportant une tranquillit\u00e9 d&rsquo;esprit \u00e0 l&rsquo;entreprise. Il permet \u00e0 l&rsquo;entreprise de se concentrer sur ses comp\u00e9tences de base et ses t\u00e2ches de d\u00e9veloppement ou bien \u00e0 son c\u0153ur de m\u00e9tier. Un DSI virtuel vous aidera \u00e0 aligner vos objectifs commerciaux sur votre environnement informatique. Notre service d&rsquo;externalisation est id\u00e9al pour les entreprises de taille moyenne qui r\u00e9duisent leurs effectifs mais qui souhaitent toujours b\u00e9n\u00e9ficier d&rsquo;un support informatique par un groupe de professionnels informatiques. Technikoo est donc l&rsquo;une des meilleures organisations par rapport aux autres. <\/p>\n\n\n\n<div class=\"wp-block-columns is-layout-flex wp-container-core-columns-is-layout-1 wp-block-columns-is-layout-flex\">\n<div class=\"wp-block-column is-layout-flow wp-block-column-is-layout-flow\">\n<h3 class=\"wp-block-heading\">Con\u00e7u pour :<\/h3>\n\n\n\n<ul class=\"wp-block-list\">\n<li>Les entreprises qui souhaitent externaliser enti\u00e8rement le support de leur d\u00e9partement informatique<\/li>\n\n\n\n<li>Les entreprises qui privil\u00e9gient les co\u00fbts fixes, quelle que soit l&rsquo;heure ou la catastrophe<\/li>\n\n\n\n<li>Des entreprises qui b\u00e9n\u00e9ficient de nombreux experts informatiques sans avoir \u00e0 les payer tous<\/li>\n\n\n\n<li>Les entreprises qui souhaitent consolider leur environnement informatique<\/li>\n\n\n\n<li>Les entreprises r\u00e9duisent leurs effectifs et ne peuvent plus budg\u00e9tiser plusieurs employ\u00e9s informatiques<\/li>\n\n\n\n<li>Un directeur des syst\u00e8mes d&rsquo;information virtuel, sans les co\u00fbts<\/li>\n\n\n\n<li>Demandes d&rsquo;utilisateurs simultan\u00e9es<\/li>\n\n\n\n<li>Infrastructures informatiques complexes<\/li>\n<\/ul>\n<\/div>\n\n\n\n<div class=\"wp-block-column is-layout-flow wp-block-column-is-layout-flow\">\n<h3 class=\"wp-block-heading\">Avantages suppl\u00e9mentaires :<\/h3>\n\n\n\n<ul class=\"wp-block-list\">\n<li>Temps de r\u00e9ponse r\u00e9duit (sur site et hors site)<\/li>\n\n\n\n<li>Tarifs r\u00e9duits<\/li>\n\n\n\n<li>Pas de primes tarifaires suppl\u00e9mentaires<\/li>\n\n\n\n<li>R\u00e9unions mensuelles de planification informatique<\/li>\n\n\n\n<li>SLA \u00e0 plusieurs niveaux<\/li>\n\n\n\n<li>Journaux de projet d\u00e9taill\u00e9s<\/li>\n\n\n\n<li>Service de t\u00e9l\u00e9surveillance<\/li>\n\n\n\n<li>Syst\u00e8me de gestion des tickets d\u2019incident en ligne<\/li>\n<\/ul>\n<\/div>\n<\/div>\n\n\n\n<p>Le co\u00fbt d\u2019un personnel informatique interne est devenu une d\u00e9pense \u00e9lev\u00e9e. Heureusement, TECHNIKOO propose une solution qui remplace l\u2019ensemble de votre service informatique par notre personnel informatique. Nous nous occupons de tous vos besoins, y compris la planification et la budg\u00e9tisation pour l\u2019avenir. Cette solution \u00ab \u00e0 service complet \u00bb permet aux gestionnaires et aux cadres de se concentrer sur la croissance de leur entreprise. Si un probl\u00e8me survient, TECHNIKOO sera l\u00e0 pour le r\u00e9soudre. Si un utilisateur rencontre des probl\u00e8mes informatiques, TECHNIKOO sera l\u00e0 pour l\u2019aider. En raison de sa structure de co\u00fbts fixes et de ses tarifs mensuels raisonnables, les clients peuvent \u00eatre assur\u00e9s que toute demande d\u2019assistance est une demande d\u2019assistance valide. Notre principale pr\u00e9occupation est de stabiliser votre environnement et de fournir le meilleur support \u00e0 vos utilisateurs. Nous nous occupons de tout, des sauvegardes \u00e0 la maintenance, du d\u00e9ploiement de postes de travail au marquage des actifs, en passant par la planification de la consolidation et des strat\u00e9gies de migration.<\/p>\n","protected":false},"excerpt":{"rendered":"<p>De nombreuses entreprises de taille moyenne cherchent des moyens d&rsquo;\u00e9conomiser de l&rsquo;argent, mais ont toujours besoin d&rsquo;une infrastructure informatique solide. Le service d&rsquo;externalisation informatique complet de TECHNIKOO r\u00e9duit les co\u00fbts&hellip;<\/p>\n","protected":false},"author":1,"featured_media":0,"parent":0,"menu_order":0,"comment_status":"closed","ping_status":"closed","template":"","meta":{"footnotes":""},"class_list":["post-203","page","type-page","status-publish","hentry"],"_links":{"self":[{"href":"https:\/\/technikoo.com\/index.php\/wp-json\/wp\/v2\/pages\/203","targetHints":{"allow":["GET"]}}],"collection":[{"href":"https:\/\/technikoo.com\/index.php\/wp-json\/wp\/v2\/pages"}],"about":[{"href":"https:\/\/technikoo.com\/index.php\/wp-json\/wp\/v2\/types\/page"}],"author":[{"embeddable":true,"href":"https:\/\/technikoo.com\/index.php\/wp-json\/wp\/v2\/users\/1"}],"replies":[{"embeddable":true,"href":"https:\/\/technikoo.com\/index.php\/wp-json\/wp\/v2\/comments?post=203"}],"version-history":[{"count":4,"href":"https:\/\/technikoo.com\/index.php\/wp-json\/wp\/v2\/pages\/203\/revisions"}],"predecessor-version":[{"id":284,"href":"https:\/\/technikoo.com\/index.php\/wp-json\/wp\/v2\/pages\/203\/revisions\/284"}],"wp:attachment":[{"href":"https:\/\/technikoo.com\/index.php\/wp-json\/wp\/v2\/media?parent=203"}],"curies":[{"name":"wp","href":"https:\/\/api.w.org\/{rel}","templated":true}]}}