{"id":2,"date":"2024-12-23T01:50:17","date_gmt":"2024-12-23T00:50:17","guid":{"rendered":"http:\/\/technikoo.com\/?page_id=2"},"modified":"2024-12-26T00:22:14","modified_gmt":"2024-12-26T00:22:14","slug":"a-propos","status":"publish","type":"page","link":"https:\/\/technikoo.com\/index.php\/a-propos\/","title":{"rendered":"A Propos"},"content":{"rendered":"\n<p><strong>Technikoo est une soci\u00e9t\u00e9 sp\u00e9cialis\u00e9e dans l\u2019int\u00e9gration de solutions informatiques et dans les prestations de services d\u2019exploitation de s\u00e9curit\u00e9, de r\u00e9seaux et de syst\u00e8mes d\u2019informations.<\/strong><\/p>\n\n\n\n<p><strong>Elle est dirig\u00e9e par une \u00e9quipe d\u2019experts dynamiques et disponibles pour accompagner et satisfaire les clients dans leurs projets.<\/strong><\/p>\n\n\n\n<p><strong>Sa politique est bas\u00e9e sur l\u2019excellence, l\u2019efficacit\u00e9, la disponibilit\u00e9, la qualit\u00e9 et la fid\u00e9lit\u00e9.<\/strong><\/p>\n\n\n\n<p>Technikoo est disponible, et a d\u00e9montr\u00e9 ses comp\u00e9tences dans les services suivants :<\/p>\n\n\n\n<ul class=\"wp-block-list\">\n<li><strong>D\u00e9veloppement Web,<\/strong><\/li>\n<\/ul>\n\n\n\n<p>Technikoo vous assiste \u00e0 donner une meilleure visibilit\u00e9 de vos services, en vous cr\u00e9ant des sites web dynamique et accessible pour tous types d\u2019appareil connect\u00e9 incluant les PC, Mobile et tablette. Les solutions web propos\u00e9es vous donnent la possibilit\u00e9 d\u2019int\u00e9grer des modules et des plugins selon vos besoins, mais vous permettent \u00e9galement de g\u00e9rer les sites par vous-m\u00eame voir un non informaticien.<\/p>\n\n\n\n<ul class=\"wp-block-list\">\n<li><strong>S\u00e9curit\u00e9 des SI<\/strong><\/li>\n<\/ul>\n\n\n\n<p>Technikoo, par ses moyens technologiques de derni\u00e8res g\u00e9n\u00e9rations, vous assure un Syst\u00e8me informatique fiable.<\/p>\n\n\n\n<p>Technikoo adapte vos soci\u00e9t\u00e9s \u00e0 une politique de s\u00e9curit\u00e9 pour mieux g\u00e9rer les usagers de vos ressources internes et externe.<\/p>\n\n\n\n<p>Notre service vous accompagne \u00e0 choisir le syst\u00e8me de pr\u00e9vention et de d\u00e9tection d\u2019intrusion afin des g\u00e9rer les menaces externes.<\/p>\n\n\n\n<p>La s\u00e9curit\u00e9 est bas\u00e9e sur diff\u00e9rentes phases&nbsp;:<\/p>\n\n\n\n<ol class=\"wp-block-list\">\n<li>Conseil et audit en cybers\u00e9curit\u00e9<\/li>\n\n\n\n<li>Investigation et Forensic<\/li>\n\n\n\n<li>Test de vuln\u00e9rabilit\u00e9<\/li>\n\n\n\n<li>Test de p\u00e9n\u00e9trations<\/li>\n\n\n\n<li>Gestion des incidents<\/li>\n\n\n\n<li>Gestion des identit\u00e9s et des acc\u00e8s<\/li>\n<\/ol>\n\n\n\n<ul class=\"wp-block-list\">\n<li><strong>Maintenance<\/strong><\/li>\n<\/ul>\n\n\n\n<p>Technikoo, propose un service de haute qualit\u00e9 dans les services de maintenance des \u00e9quipements et du parc informatique de ses clients.<\/p>\n\n\n\n<p>La maintenance chez Technikoo est bas\u00e9e sur diff\u00e9rentes phases&nbsp;:<\/p>\n\n\n\n<ul class=\"wp-block-list\">\n<li>Etudes et inventaire des \u00e9quipements<\/li>\n\n\n\n<li>Entretien physique et environnemental<\/li>\n\n\n\n<li>Optimisation logicielle et mat\u00e9rielle<\/li>\n\n\n\n<li>Suivi de performance<\/li>\n\n\n\n<li>Analyse et support \u00e0 distance<\/li>\n\n\n\n<li>Intervention sur site au besoin.<\/li>\n\n\n\n<li>Remplacement de pi\u00e8ces d\u00e9fectueuses au besoin<\/li>\n\n\n\n<li>Installation et mise en route de nouveau mat\u00e9riels<\/li>\n\n\n\n<li>Mise \u00e0 disposition de documentation et guide.<\/li>\n\n\n\n<li>Accompagnement et conseil\u00a0<\/li>\n<\/ul>\n\n\n\n<p>Selon les dispositions du contrat, Technikoo s\u2019engage \u00e0 vous r\u00e9pondre dans les meilleurs d\u00e9lais et vous fixe un temps record de rel\u00e8ve.<\/p>\n\n\n\n<ul class=\"wp-block-list\">\n<li><strong>R\u00e9seaux informatique et Telecom<\/strong><\/li>\n<\/ul>\n\n\n\n<p>Technikoo, doit son expertise dans l\u2019\u00e9tude, l\u2019architecture, l\u2019impl\u00e9mentation et la supervision des r\u00e9seaux de ses clients.<\/p>\n\n\n\n<p>Nous faisons l\u2019\u00e9tude et proposons un design ad\u00e9quat selon la topologie pr\u00e9sente par le client sil yen a. Sinon nous leur faisons une topologie r\u00e9pondant aux besoins de d\u2019interconnexion de la soci\u00e9t\u00e9.<\/p>\n\n\n\n<p>Nous fournissons un c\u00e2blage intelligent qui r\u00e9pond aux normes internationales afin de donner&nbsp;l\u2019acc\u00e8s une meilleure connectivite.<\/p>\n\n\n\n<p>Technikoo ne se limite pas une simple \u00e9tude et installation physique mais vous fournit un service de configuration d\u2019interconnexion et de routage complexe.<\/p>\n\n\n\n<p>Pour assurer la p\u00e9rennit\u00e9 de vos services, Technikoo g\u00e8re vos r\u00e9seaux avec des plateformes de supervision reconnues modernes et fiables.<\/p>\n\n\n\n<p>Et c\u2019est ce qui lui permet de d\u00e9tecter les alarmes et les incidents pour ainsi intervenir proactivement avant une aggravation impr\u00e9vue.<\/p>\n\n\n\n<p>Nous fournissons l\u2019installation et la configuration de r\u00e9seaux t\u00e9l\u00e9phoniques d&rsquo;entreprise en PABX num\u00e9rique ou la VOIP et aussi des solutions de collaboration.<\/p>\n\n\n\n<ul class=\"wp-block-list\">\n<li><strong>G\u00e9nie civil<\/strong><\/li>\n<\/ul>\n\n\n\n<p>Technikoo, \u0153uvre dans l\u2019\u00e9tude et l\u2019installation des infrastructures de r\u00e9seaux dans les villes et les campagnes.&nbsp;<\/p>\n\n\n\n<ul class=\"wp-block-list\">\n<li><strong>Domotique<\/strong><\/li>\n<\/ul>\n\n\n\n<p>Installation de dispositifs intelligents pour la s\u00e9curit\u00e9 et l\u2019accessibilit\u00e9 dans les habitats pour permettre la baisse des couts et r\u00e9duire des surconsommations d\u2019\u00e9nergie.<\/p>\n\n\n\n<ul class=\"wp-block-list\">\n<li><strong>S\u00e9curit\u00e9 domestique et professionnel<\/strong><\/li>\n<\/ul>\n\n\n\n<p>Gestion et installation de d\u00e9tecteurs d\u2019intrusion et mise place d\u2019alarme de s\u00e9curit\u00e9. D\u00e9tection de temp\u00e9rature, et de fum\u00e9e pour assure la s\u00e9curit\u00e9 des personnes et des biens.<\/p>\n\n\n\n<ul class=\"wp-block-list\">\n<li><strong>Surveillance et contr\u00f4le d\u2019acc\u00e8s<\/strong><\/li>\n<\/ul>\n\n\n\n<p>Etude et mise en place de syst\u00e8mes de surveillance num\u00e9rique et\/ou analogique pour une meilleure couverture des lieux et faciliter les recherches d\u2019\u00e9vidences.<\/p>\n\n\n\n<p>Nous fournissons \u00e9galement des syst\u00e8mes d\u2019acc\u00e8s intelligent pour filtrer et contr\u00f4ler les acc\u00e8s aux habitats et aux milieux professionnels. Nos syst\u00e8mes d\u2019acc\u00e8s supportent les badges professionnels, la biom\u00e9trie, \u2026<\/p>\n\n\n\n<ul class=\"wp-block-list\">\n<li><strong>Sauvegarde et restauration de donn\u00e9es.<\/strong><\/li>\n<\/ul>\n\n\n\n<p>Nous d\u00e9tenons des stockages en cloud plus s\u00e9curis\u00e9s et fiable pour faciliter la sauvegardes des donn\u00e9es d\u2019entreprises et de particuliers d\u00e9sireux d\u2019externaliser les leur services d\u2019archivage.<\/p>\n\n\n\n<ul class=\"wp-block-list\">\n<li><strong>IOT<\/strong><\/li>\n<\/ul>\n\n\n\n<p>Nous mettons des dispositions de contr\u00f4le de vos outils domestiques et professionnel afin de pouvoir les localiser et de les tracer \u00e0 tout moment et partout.<\/p>\n\n\n\n<ul class=\"wp-block-list\">\n<li><strong>Helpdesk<\/strong><\/li>\n<\/ul>\n\n\n\n<p>Derri\u00e8re tous ces services, nous avons des experts disponibles qui vous \u00e9coutent et g\u00e8rent le support \u00e0 distance sur toutes vos requ\u00eates.<\/p>\n","protected":false},"excerpt":{"rendered":"<p>Technikoo est une soci\u00e9t\u00e9 sp\u00e9cialis\u00e9e dans l\u2019int\u00e9gration de solutions informatiques et dans les prestations de services d\u2019exploitation de s\u00e9curit\u00e9, de r\u00e9seaux et de syst\u00e8mes d\u2019informations. Elle est dirig\u00e9e par une&hellip;<\/p>\n","protected":false},"author":1,"featured_media":0,"parent":0,"menu_order":0,"comment_status":"closed","ping_status":"closed","template":"","meta":{"footnotes":""},"class_list":["post-2","page","type-page","status-publish","hentry"],"_links":{"self":[{"href":"https:\/\/technikoo.com\/index.php\/wp-json\/wp\/v2\/pages\/2","targetHints":{"allow":["GET"]}}],"collection":[{"href":"https:\/\/technikoo.com\/index.php\/wp-json\/wp\/v2\/pages"}],"about":[{"href":"https:\/\/technikoo.com\/index.php\/wp-json\/wp\/v2\/types\/page"}],"author":[{"embeddable":true,"href":"https:\/\/technikoo.com\/index.php\/wp-json\/wp\/v2\/users\/1"}],"replies":[{"embeddable":true,"href":"https:\/\/technikoo.com\/index.php\/wp-json\/wp\/v2\/comments?post=2"}],"version-history":[{"count":3,"href":"https:\/\/technikoo.com\/index.php\/wp-json\/wp\/v2\/pages\/2\/revisions"}],"predecessor-version":[{"id":267,"href":"https:\/\/technikoo.com\/index.php\/wp-json\/wp\/v2\/pages\/2\/revisions\/267"}],"wp:attachment":[{"href":"https:\/\/technikoo.com\/index.php\/wp-json\/wp\/v2\/media?parent=2"}],"curies":[{"name":"wp","href":"https:\/\/api.w.org\/{rel}","templated":true}]}}